{"id":249,"date":"2022-12-26T16:40:47","date_gmt":"2022-12-26T16:40:47","guid":{"rendered":"http:\/\/www.freundschaft-bonn.com\/?page_id=249"},"modified":"2022-12-28T07:48:10","modified_gmt":"2022-12-28T07:48:10","slug":"frisoerdienste","status":"publish","type":"page","link":"http:\/\/www.freundschaft-bonn.com\/uk\/frisoerdienste\/","title":{"rendered":"Haarschnitte f\u00fcr Gefl\u00fcchtete"},"content":{"rendered":"<p>Ein Team von drei Friseuren schneidet den bed\u00fcrftigen Menschen die Haare oder stutzt den Bart. Sie wollen den Menschen ihren Selbstwert und ein St\u00fcck positives Lebensgef\u00fchl zur\u00fcckgeben.<\/p>","protected":false},"excerpt":{"rendered":"<p>Ein Team von drei Friseuren schneidet den bed\u00fcrftigen Menschen die Haare oder stutzt den Bart. Sie wollen den Menschen ihren Selbstwert und ein St\u00fcck positives Lebensgef\u00fchl zur\u00fcckgeben.<\/p>","protected":false},"author":1,"featured_media":65,"parent":0,"menu_order":0,"comment_status":"closed","ping_status":"closed","template":"","meta":{"_coblocks_attr":"","_coblocks_dimensions":"","_coblocks_responsive_height":"","_coblocks_accordion_ie_support":"","footnotes":""},"class_list":["post-249","page","type-page","status-publish","has-post-thumbnail","hentry"],"_links":{"self":[{"href":"http:\/\/www.freundschaft-bonn.com\/uk\/wp-json\/wp\/v2\/pages\/249","targetHints":{"allow":["GET"]}}],"collection":[{"href":"http:\/\/www.freundschaft-bonn.com\/uk\/wp-json\/wp\/v2\/pages"}],"about":[{"href":"http:\/\/www.freundschaft-bonn.com\/uk\/wp-json\/wp\/v2\/types\/page"}],"author":[{"embeddable":true,"href":"http:\/\/www.freundschaft-bonn.com\/uk\/wp-json\/wp\/v2\/users\/1"}],"replies":[{"embeddable":true,"href":"http:\/\/www.freundschaft-bonn.com\/uk\/wp-json\/wp\/v2\/comments?post=249"}],"version-history":[{"count":4,"href":"http:\/\/www.freundschaft-bonn.com\/uk\/wp-json\/wp\/v2\/pages\/249\/revisions"}],"predecessor-version":[{"id":299,"href":"http:\/\/www.freundschaft-bonn.com\/uk\/wp-json\/wp\/v2\/pages\/249\/revisions\/299"}],"wp:featuredmedia":[{"embeddable":true,"href":"http:\/\/www.freundschaft-bonn.com\/uk\/wp-json\/wp\/v2\/media\/65"}],"wp:attachment":[{"href":"http:\/\/www.freundschaft-bonn.com\/uk\/wp-json\/wp\/v2\/media?parent=249"}],"curies":[{"name":"wp","href":"https:\/\/api.w.org\/{rel}","templated":true}]}}