{"id":230,"date":"2022-12-25T20:17:42","date_gmt":"2022-12-25T20:17:42","guid":{"rendered":"http:\/\/www.freundschaft-bonn.com\/?page_id=230"},"modified":"2025-04-15T10:12:52","modified_gmt":"2025-04-15T10:12:52","slug":"chor-namisto","status":"publish","type":"page","link":"http:\/\/www.freundschaft-bonn.com\/uk\/chor-namisto\/","title":{"rendered":"Ukrainischer Chor &#8222;Namysto&#8220;"},"content":{"rendered":"<p>\u041a\u0456\u043b\u044c\u043a\u0430 \u0440\u0430\u0437\u0456\u0432 \u043d\u0430 \u0442\u0438\u0436\u0434\u0435\u043d\u044c \u0443\u043a\u0440\u0430\u0457\u043d\u0441\u044c\u043a\u0456 \u0431\u0456\u0436\u0435\u043d\u0446\u0456 \u043c\u043e\u0436\u0443\u0442\u044c \u0440\u0430\u0437\u043e\u043c \u0440\u0435\u043f\u0435\u0442\u0438\u0440\u0443\u0432\u0430\u0442\u0438 \u0445\u043e\u0440\u043e\u0432\u0456 \u0442\u0432\u043e\u0440\u0438. \u0417\u0430\u043d\u044f\u0442\u0442\u044f \u0445\u043e\u0440\u0443 \u043f\u0440\u043e\u0444\u0435\u0441\u0456\u0439\u043d\u043e \u0432\u0435\u0434\u0443\u0442\u044c \u0404\u0432\u0433\u0435\u043d\u0456\u044f \u0442\u0430 \u0414\u0430\u0440\u0456\u044f, \u044f\u043a\u0456 \u0441\u0430\u043c\u0456 \u0454 \u0431\u0456\u0436\u0435\u043d\u0446\u044f\u043c\u0438 \u0437 \u0423\u043a\u0440\u0430\u0457\u043d\u0438. \u0421\u043f\u0456\u043b\u044c\u043d\u0438\u0439 \u0441\u043f\u0456\u0432 \u043c\u0430\u0454 \u043d\u0430 \u043c\u0435\u0442\u0456 \u0434\u0430\u0442\u0438 \u043b\u044e\u0434\u044f\u043c \u0443 \u0411\u043e\u043d\u043d\u0456 \u043d\u0430\u0434\u0456\u044e \u0456 \u0441\u043f\u043e\u0441\u0456\u0431 \u0432\u0438\u0441\u043b\u043e\u0432\u0438\u0442\u0438 \u0441\u0432\u043e\u0457 \u043f\u043e\u0447\u0443\u0442\u0442\u044f. \"\u0421\u043f\u0456\u0432 \u043f\u0456\u0434\u043d\u0456\u043c\u0430\u0454 \u043d\u0430\u0441\u0442\u0440\u0456\u0439 \u0456, \u044f\u043a \u0431\u0443\u043b\u043e \u0434\u043e\u0432\u0435\u0434\u0435\u043d\u043e, \u043f\u043e\u043a\u0440\u0430\u0449\u0443\u0454 \u0437\u0430\u0433\u0430\u043b\u044c\u043d\u0435 \u0441\u0430\u043c\u043e\u043f\u043e\u0447\u0443\u0442\u0442\u044f. \u041e\u0434\u043d\u0438\u043c \u0441\u043b\u043e\u0432\u043e\u043c, \u0441\u043f\u0456\u0432 \u043b\u0456\u043a\u0443\u0454 \u0434\u0443\u0448\u0443\", - \u043a\u0430\u0436\u0435 \u0421\u043e\u0444\u0456\u044f, \u044f\u043a\u0430 \u043a\u043e\u043e\u0440\u0434\u0438\u043d\u0443\u0454 \u0445\u043e\u0440\u043e\u0432\u0456 \u0441\u043f\u0440\u0430\u0432\u0438 \u0432 \u0456\u043d\u0456\u0446\u0456\u0430\u0442\u0438\u0432\u0456.<\/p>","protected":false},"excerpt":{"rendered":"<p>Mehrmals in der Woche k\u00f6nnen die ukrainischen Gefl\u00fcchteten gemeinsam Chorst\u00fccke proben. Die Chorstunden werden professionell von Eugenia und Daria, selbst aus der Ukraine gefl\u00fcchtet, geleitet. Das gemeinsame Singen soll den Menschen in Bonn Hoffnung geben und eine M\u00f6glichkeit, ihre Gef\u00fchle &hellip; <\/p>","protected":false},"author":1,"featured_media":0,"parent":0,"menu_order":0,"comment_status":"closed","ping_status":"closed","template":"","meta":{"_coblocks_attr":"","_coblocks_dimensions":"","_coblocks_responsive_height":"","_coblocks_accordion_ie_support":"","footnotes":""},"class_list":["post-230","page","type-page","status-publish","hentry"],"_links":{"self":[{"href":"http:\/\/www.freundschaft-bonn.com\/uk\/wp-json\/wp\/v2\/pages\/230","targetHints":{"allow":["GET"]}}],"collection":[{"href":"http:\/\/www.freundschaft-bonn.com\/uk\/wp-json\/wp\/v2\/pages"}],"about":[{"href":"http:\/\/www.freundschaft-bonn.com\/uk\/wp-json\/wp\/v2\/types\/page"}],"author":[{"embeddable":true,"href":"http:\/\/www.freundschaft-bonn.com\/uk\/wp-json\/wp\/v2\/users\/1"}],"replies":[{"embeddable":true,"href":"http:\/\/www.freundschaft-bonn.com\/uk\/wp-json\/wp\/v2\/comments?post=230"}],"version-history":[{"count":6,"href":"http:\/\/www.freundschaft-bonn.com\/uk\/wp-json\/wp\/v2\/pages\/230\/revisions"}],"predecessor-version":[{"id":538,"href":"http:\/\/www.freundschaft-bonn.com\/uk\/wp-json\/wp\/v2\/pages\/230\/revisions\/538"}],"wp:attachment":[{"href":"http:\/\/www.freundschaft-bonn.com\/uk\/wp-json\/wp\/v2\/media?parent=230"}],"curies":[{"name":"wp","href":"https:\/\/api.w.org\/{rel}","templated":true}]}}