{"id":12,"date":"2022-05-07T15:52:46","date_gmt":"2022-05-07T15:52:46","guid":{"rendered":"http:\/\/www.freundschaft-bonn.com\/info\/"},"modified":"2022-05-07T15:52:46","modified_gmt":"2022-05-07T15:52:46","slug":"info","status":"publish","type":"page","link":"http:\/\/www.freundschaft-bonn.com\/uk\/info\/","title":{"rendered":"Info"},"content":{"rendered":"<div class=\"wp-block-cover alignfull has-tertiary-background-color has-background-dim\"><div class=\"wp-block-cover__inner-container is-layout-flow wp-block-cover-is-layout-flow\">\n<h1 class=\"has-secondary-color has-text-align-center wp-block-heading\">Schutz Ihrer Ideen<\/h1>\n\n\n\n<p class=\"has-text-color has-text-align-center has-secondary-color\">Miller &amp; Cole ist sehr stolz auf das, was wir durch hochwertige Unterst\u00fctzung unserer Kunden in Patent-, Marken- und Rechtsangelegenheiten bewirkt haben.<\/p>\n<\/div><\/div>\n\n\n\n<div class=\"wp-block-columns alignwide is-layout-flex wp-container-core-columns-is-layout-9d6595d7 wp-block-columns-is-layout-flex\">\n<div class=\"wp-block-column is-layout-flow wp-block-column-is-layout-flow\">\n<h3 class=\"has-text-align-center wp-block-heading\">Hochwertige Ergebnisse<\/h3>\n\n\n\n<p>Unser Ziel ist die Wertsch\u00f6pfung aus den Innovationen unserer Klienten durch Patent-, Marken- und Urheberrecht. Wir sind stolz darauf, t\u00e4glich aufs Neue hochwertige Dienstleistungen auf dem Gebiet des Markenrechts und besonderen Kundenservice zu bieten. Wir sind ganz f\u00fcr Sie da.<\/p>\n<\/div>\n\n\n\n<div class=\"wp-block-column is-layout-flow wp-block-column-is-layout-flow\">\n<h3 class=\"has-text-align-center wp-block-heading\">Erfahren<\/h3>\n\n\n\n<p>Die Anw\u00e4lte von Miller &amp; Cole arbeiten im Team zusammen, um gemeinsam die Erwartungen unserer Klienten noch zu \u00fcbertreffen. Wir k\u00f6nnen auf \u00fcber 30 Jahre Facherfahrung bei der Beratung zu effektivem Einsatz von Zeit, Geld und Ressourcen f\u00fcr die Entwicklung von Ideen und Innovationen verweisen.<\/p>\n<\/div>\n<\/div>\n\n\n\n<figure class=\"wp-block-image alignwide size-full\"><img loading=\"lazy\" decoding=\"async\" width=\"1800\" height=\"1224\" src=\"http:\/\/www.freundschaft-bonn.com\/wp-content\/uploads\/2022\/05\/image-5.jpg\" alt=\"Bildbeschreibung\" class=\"wp-image-8\" srcset=\"http:\/\/www.freundschaft-bonn.com\/wp-content\/uploads\/2022\/05\/image-5.jpg 1800w, http:\/\/www.freundschaft-bonn.com\/wp-content\/uploads\/2022\/05\/image-5-300x204.jpg 300w, http:\/\/www.freundschaft-bonn.com\/wp-content\/uploads\/2022\/05\/image-5-1024x696.jpg 1024w, http:\/\/www.freundschaft-bonn.com\/wp-content\/uploads\/2022\/05\/image-5-768x522.jpg 768w, http:\/\/www.freundschaft-bonn.com\/wp-content\/uploads\/2022\/05\/image-5-1536x1044.jpg 1536w\" sizes=\"auto, (max-width: 1800px) 100vw, 1800px\" \/><\/figure>\n\n\n\n<div class=\"wp-block-columns alignwide is-layout-flex wp-container-core-columns-is-layout-9d6595d7 wp-block-columns-is-layout-flex\">\n<div class=\"wp-block-column is-layout-flow wp-block-column-is-layout-flow\">\n<h3 class=\"has-text-align-center wp-block-heading\">Kontakt<\/h3>\n\n\n\n<p class=\"has-text-align-center\">B\u00fcro: (555) 555-5555<br>email@example.com<\/p>\n<\/div>\n\n\n\n<div class=\"wp-block-column is-layout-flow wp-block-column-is-layout-flow\">\n<h3 class=\"has-text-align-center wp-block-heading\">Standort<\/h3>\n\n\n\n<p class=\"has-text-align-center\">123 Example Rd<br>Scottsdale, AZ 85260, USA<\/p>\n<\/div>\n\n\n\n<div class=\"wp-block-column is-layout-flow wp-block-column-is-layout-flow\">\n<h3 class=\"has-text-align-center wp-block-heading\">Verbinden<\/h3>\n\n\n\n<p class=\"has-text-align-center\"><a href=\"https:\/\/twitter.com\">Twitter<\/a><br><a href=\"https:\/\/www.facebook.com\">Facebook<\/a><br><\/p>\n<\/div>\n<\/div>","protected":false},"excerpt":{"rendered":"<p>Hochwertige Ergebnisse Unser Ziel ist die Wertsch\u00f6pfung aus den Innovationen unserer Klienten durch Patent-, Marken- und Urheberrecht. Wir sind stolz darauf, t\u00e4glich aufs Neue hochwertige Dienstleistungen auf dem Gebiet des Markenrechts und besonderen Kundenservice zu bieten. Wir sind ganz f\u00fcr &hellip; <\/p>","protected":false},"author":1,"featured_media":0,"parent":0,"menu_order":0,"comment_status":"closed","ping_status":"closed","template":"","meta":{"_coblocks_attr":"","_coblocks_dimensions":"","_coblocks_responsive_height":"","_coblocks_accordion_ie_support":"","footnotes":""},"class_list":["post-12","page","type-page","status-publish","hentry"],"_links":{"self":[{"href":"http:\/\/www.freundschaft-bonn.com\/uk\/wp-json\/wp\/v2\/pages\/12","targetHints":{"allow":["GET"]}}],"collection":[{"href":"http:\/\/www.freundschaft-bonn.com\/uk\/wp-json\/wp\/v2\/pages"}],"about":[{"href":"http:\/\/www.freundschaft-bonn.com\/uk\/wp-json\/wp\/v2\/types\/page"}],"author":[{"embeddable":true,"href":"http:\/\/www.freundschaft-bonn.com\/uk\/wp-json\/wp\/v2\/users\/1"}],"replies":[{"embeddable":true,"href":"http:\/\/www.freundschaft-bonn.com\/uk\/wp-json\/wp\/v2\/comments?post=12"}],"version-history":[{"count":1,"href":"http:\/\/www.freundschaft-bonn.com\/uk\/wp-json\/wp\/v2\/pages\/12\/revisions"}],"predecessor-version":[{"id":16,"href":"http:\/\/www.freundschaft-bonn.com\/uk\/wp-json\/wp\/v2\/pages\/12\/revisions\/16"}],"wp:attachment":[{"href":"http:\/\/www.freundschaft-bonn.com\/uk\/wp-json\/wp\/v2\/media?parent=12"}],"curies":[{"name":"wp","href":"https:\/\/api.w.org\/{rel}","templated":true}]}}